{"id":18803,"date":"2013-09-02T09:53:42","date_gmt":"2013-09-02T12:53:42","guid":{"rendered":"http:\/\/www.pedromigao.com.br\/ourodetolo\/?page_id=18803"},"modified":"2019-05-21T08:36:37","modified_gmt":"2019-05-21T11:36:37","slug":"perfil-do-blog","status":"publish","type":"page","link":"http:\/\/www.pedromigao.com.br\/ourodetolo\/perfil-do-blog\/","title":{"rendered":"Perfil do Blog"},"content":{"rendered":"<p><span style=\"color: #000080;\">\u00a0<span style=\"font-size: medium;\"><strong style=\"line-height: 1.5;\"><a href=\"http:\/\/www.pedromigao.com.br\/ourodetolo\/wp-content\/uploads\/2013\/09\/20140304_001606.jpg\"><img loading=\"lazy\" decoding=\"async\" class=\"size-full wp-image-24479 alignleft\" style=\"margin-left: 10px; margin-right: 10px;\" src=\"http:\/\/www.pedromigao.com.br\/ourodetolo\/wp-content\/uploads\/2013\/09\/20140304_001606.jpg\" alt=\"20140304_001606\" width=\"120\" height=\"120\" \/><\/a>Editor do Blog \u2013 Pedro Mig\u00e3o<\/strong><\/span><\/span><\/p>\n<p style=\"text-align: justify;\"><span style=\"color: #000080;\">44 anos, carioca, economista. Pai da Maria Clara e da Ana Luisa.<br \/>\n<\/span><\/p>\n<p style=\"text-align: justify;\"><span style=\"color: #000080;\">Membro Titular do Conselho Fiscal do GRES Portela, em terceiro mandato.<\/span><\/p>\n<p style=\"text-align: justify;\"><span style=\"color: #000080;\">Email:\u00a0<a href=\"mailto:\/\/pedromigao@pedromigao.com.br\">pedromigao@pedromigao.com.br<\/a><\/span><\/p>\n<p style=\"text-align: justify;\"><span style=\"color: #000080;\">Twitter: <span style=\"color: #000080;\"><a title=\"@pedromigao\" href=\"https:\/\/twitter.com\/pedromigao\" target=\"_blank\" rel=\"noopener noreferrer\">@pedromigao<\/a><\/span><\/span><\/p>\n<p><span style=\"font-size: medium; color: #000080;\"><strong style=\"line-height: 1.5;\"><a href=\"http:\/\/www.pedromigao.com.br\/ourodetolo\/perfil-do-blog\/perfilsabino\/\" rel=\"attachment wp-att-16614\"><span style=\"color: #000080;\"><img loading=\"lazy\" decoding=\"async\" class=\"size-full wp-image-16614 alignleft\" style=\"margin-left: 10px; margin-right: 10px;\" src=\"http:\/\/www.pedromigao.com.br\/ourodetolo\/wp-content\/uploads\/2013\/02\/perfilsabino.jpg\" alt=\"perfilsabino\" width=\"120\" height=\"120\" \/><\/span><\/a>Editor Adjunto &#8211; Sabinadas \/ Trinta Atos \u2013 Fred Sabino<\/strong><\/span><\/p>\n<p><span style=\"color: #000080;\">Nasceu h\u00e1 35 anos nos Estados Unidos, mas ainda pequeno foi para o Rio de Janeiro, onde morou at\u00e9 2011, antes de se mudar para S\u00e3o Paulo e retornar \u00e0 Cidade Maravilhosa no fim de 2013. Trabalhou por dez anos no Grupo LANCE!, onde foi redator, sub-editor e editor do LANCENET! e editor do n\u00facleo Motor do Di\u00e1rio LANCE!. Em 2012 e 2013 fez parte da produ\u00e7\u00e3o e edi\u00e7\u00e3o do Linha de Chegada no SporTV e ainda atuou como comentarista em corridas da GP2, F\u00f3rmula 3 Sul-Americana, Porsche Cup, Mercedes Challenge e Brasileiro de GT. Pela R\u00e1dio Globo\/CBN foi comentarista convidado em corridas da F\u00f3rmula 1 em 2013. Em 2014, faz parte da equipe de produ\u00e7\u00e3o do SporTV. Apaixonado por esportes, principalmente futebol e automobilismo, e pela nossa querida MPB, al\u00e9m de samba e carnaval, \u00e9 um estudioso da hist\u00f3ria dos esportes e das escolas de samba do Rio de Janeiro. Torcedor do Flamengo e da Mangueira.<\/span><\/p>\n<p><span style=\"color: #000080;\">Twitter: <span style=\"color: #000080;\"><a href=\"https:\/\/twitter.com\/fred_sabino\" target=\"_blank\" rel=\"noopener noreferrer\">@fred_sabino<\/a><\/span><\/span><\/p>\n<div style=\"color: #000080;\">\n<p><span style=\"font-size: medium; color: #000080;\"><strong><a href=\"http:\/\/www.pedromigao.com.br\/ourodetolo\/perfil-do-blog\/perfilaloisio\/\" rel=\"attachment wp-att-16603\"><span style=\"color: #000080;\"><img loading=\"lazy\" decoding=\"async\" class=\"size-full wp-image-16603 alignleft\" style=\"margin-left: 10px; margin-right: 10px;\" src=\"http:\/\/www.pedromigao.com.br\/ourodetolo\/wp-content\/uploads\/2013\/02\/perfilaloisio.jpg\" alt=\"perfilaloisio\" width=\"120\" height=\"120\" \/><\/span><\/a>Orun Ay\u00e9\u00a0&#8211; Aloisio Villar<\/strong><\/span><\/p>\n<p><span style=\"color: #000080;\">Aloisio Villar, carioca, 42 anos e gosta de escrever desde crian\u00e7a.\u00a0\u00c9<span style=\"line-height: 1.5;\"> compositor de samba-enredo h\u00e1 15 anos, ganhador do pr\u00eamio Estandarte de Ouro em 2001 concedido pelo jornal O Globo com melhor samba-enredo do grupo A do Rio de Janeiro pela escola Boi da Ilha do Governador e\u00a0um dos autores do samba da Uni\u00e3o da Ilha do Governador para o Carnaval-2012.\u00a0Solteiro, pai de uma menina chamada Ana Beatriz, amigo, ir\u00f4nico, bem humorado, sarc\u00e1stico e que procura fazer sempre o bem, deseja bem a quase todos, a paz aos homens de boa vontade e que o Flamengo seja campe\u00e3o.<\/span><\/span><\/p>\n<p><span style=\"color: #000080;\">Twitter: <span style=\"color: #000080;\"><a href=\"https:\/\/twitter.com\/aloisiovillar\">@aloisiovillar<\/a><\/span><br \/>\n<\/span><\/p>\n<p style=\"color: #000080;\"><strong>Os textos deste blog podem ser reproduzidos em meio digital, desde que citada a fonte e com link para o artigo original.<\/strong><\/p>\n<p style=\"color: #000080;\"><strong><span style=\"color: #000080;\">A responsabilidade pelos textos publicados pertence aos\u00a0respectivos colunistas e ao editor do blog.\u00a0<\/span><\/strong><\/p>\n<\/div>\n","protected":false},"excerpt":{"rendered":"<p>\u00a0Editor do Blog \u2013 Pedro Mig\u00e3o 44 anos, carioca, economista. Pai da Maria Clara e da Ana Luisa. Membro Titular do Conselho Fiscal do GRESTour Details<\/p>\n","protected":false},"author":4,"featured_media":0,"parent":0,"menu_order":0,"comment_status":"open","ping_status":"open","template":"","meta":{"footnotes":""},"class_list":["post-18803","page","type-page","status-publish","hentry"],"_links":{"self":[{"href":"http:\/\/www.pedromigao.com.br\/ourodetolo\/wp-json\/wp\/v2\/pages\/18803","targetHints":{"allow":["GET"]}}],"collection":[{"href":"http:\/\/www.pedromigao.com.br\/ourodetolo\/wp-json\/wp\/v2\/pages"}],"about":[{"href":"http:\/\/www.pedromigao.com.br\/ourodetolo\/wp-json\/wp\/v2\/types\/page"}],"author":[{"embeddable":true,"href":"http:\/\/www.pedromigao.com.br\/ourodetolo\/wp-json\/wp\/v2\/users\/4"}],"replies":[{"embeddable":true,"href":"http:\/\/www.pedromigao.com.br\/ourodetolo\/wp-json\/wp\/v2\/comments?post=18803"}],"version-history":[{"count":2,"href":"http:\/\/www.pedromigao.com.br\/ourodetolo\/wp-json\/wp\/v2\/pages\/18803\/revisions"}],"predecessor-version":[{"id":49378,"href":"http:\/\/www.pedromigao.com.br\/ourodetolo\/wp-json\/wp\/v2\/pages\/18803\/revisions\/49378"}],"wp:attachment":[{"href":"http:\/\/www.pedromigao.com.br\/ourodetolo\/wp-json\/wp\/v2\/media?parent=18803"}],"curies":[{"name":"wp","href":"https:\/\/api.w.org\/{rel}","templated":true}]}}